{"id":366,"date":"2020-03-10T00:34:39","date_gmt":"2020-03-10T00:34:39","guid":{"rendered":"https:\/\/bydgoszcz.bajkowylabirynt.pl\/?page_id=366"},"modified":"2020-03-10T00:34:39","modified_gmt":"2020-03-10T00:34:39","slug":"cookie-policy","status":"publish","type":"page","link":"https:\/\/bydgoszcz.bajkowylabirynt.pl\/index.php\/cookie-policy\/","title":{"rendered":"Cookie Policy"},"content":{"rendered":"<div class=\"cli_pg_page_contaner\">\n<h3>Informacje o polityce plik\u00f3w cookie<\/h3>\n<div>Niniejsza Polityka plik\u00f3w cookie wyja\u015bnia, czym s\u0105 pliki cookie i jak ich u\u017cywamy. Powiniene\u015b przeczyta\u0107 t\u0119 polityk\u0119, aby zrozumie\u0107, czym s\u0105 pliki cookie, w jaki spos\u00f3b je wykorzystujemy, rodzaje u\u017cywanych przez nas plik\u00f3w cookie, tj. Informacje, kt\u00f3re zbieramy za pomoc\u0105 plik\u00f3w cookie oraz w jaki spos\u00f3b te informacje s\u0105 wykorzystywane i jak kontrolowa\u0107 preferencje dotycz\u0105ce plik\u00f3w cookie. Aby uzyska\u0107 wi\u0119cej informacji na temat tego, w jaki spos\u00f3b korzystamy, przechowujemy i przechowujemy Twoje dane osobowe, zobacz nasz\u0105 Polityk\u0119 prywatno\u015bci.<\/p>\n<p>Mo\u017cesz w dowolnym momencie zmieni\u0107 lub wycofa\u0107 swoj\u0105 zgod\u0119 na Deklaracj\u0119 Cookie na naszej stronie internetowej.<br \/>\nDowiedz si\u0119 wi\u0119cej o tym, kim jeste\u015bmy, jak mo\u017cesz si\u0119 z nami skontaktowa\u0107 i jak przetwarzamy dane osobowe w naszej Polityce prywatno\u015bci.<br \/>\nTwoja zgoda dotyczy nast\u0119puj\u0105cych domen: lodz.bajkowylabirynt.pl<br \/>\n[user_consent_state]<\/p>\n<\/div>\n<h3>Co to s\u0105 pliki cookie?<\/h3>\n<div>Pliki cookie to ma\u0142e pliki tekstowe, kt\u00f3re s\u0142u\u017c\u0105 do przechowywania ma\u0142ych informacji. Pliki cookie s\u0105 przechowywane na Twoim urz\u0105dzeniu, gdy strona internetowa jest \u0142adowana w przegl\u0105darce. Te pliki cookie pomagaj\u0105 nam zapewni\u0107 prawid\u0142owe funkcjonowanie witryny, zwi\u0119kszy\u0107 bezpiecze\u0144stwo witryny, zapewni\u0107 lepsz\u0105 obs\u0142ug\u0119 u\u017cytkownik\u00f3w oraz zrozumie\u0107, jak dzia\u0142a strona internetowa, oraz analizowa\u0107, co dzia\u0142a i gdzie wymaga poprawy.<\/div>\n<h3>Jak korzystamy z plik\u00f3w cookie?<\/h3>\n<div>Jak wi\u0119kszo\u015b\u0107 us\u0142ug online, nasza strona internetowa wykorzystuje pliki cookie w\u0142asne i zewn\u0119trzne pliki cookie do wielu cel\u00f3w. W\u0142asne pliki cookie s\u0105 przede wszystkim niezb\u0119dne do prawid\u0142owego funkcjonowania witryny i nie gromadz\u0105 \u017cadnych danych osobowych u\u017cytkownika.<\/p>\n<p>Pliki cookie stron trzecich wykorzystywane w naszych witrynach s\u0105 wykorzystywane g\u0142\u00f3wnie w celu zrozumienia dzia\u0142ania witryny, interakcji z nasz\u0105 witryn\u0105, zapewnienia bezpiecze\u0144stwa naszych us\u0142ug, dostarczania reklam, kt\u00f3re s\u0105 dla Ciebie odpowiednie, a w sumie dostarczania lepszych i ulepszonych do\u015bwiadczenie u\u017cytkownika i pom\u00f3c przyspieszy\u0107 przysz\u0142e interakcje z nasz\u0105 witryn\u0105.<\/p>\n<\/div>\n<h3>Z jakich rodzaj\u00f3w plik\u00f3w cookie korzystamy?<\/h3>\n<div>Essential: Niekt\u00f3re pliki cookie s\u0105 niezb\u0119dne, aby\u015b m\u00f3g\u0142 w pe\u0142ni korzysta\u0107 z pe\u0142nej funkcjonalno\u015bci naszej witryny. Pozwalaj\u0105 nam utrzymywa\u0107 sesje u\u017cytkownik\u00f3w i zapobiega\u0107 zagro\u017ceniom bezpiecze\u0144stwa. Nie zbieraj\u0105 ani nie przechowuj\u0105 \u017cadnych danych osobowych. Na przyk\u0142ad te pliki cookie umo\u017cliwiaj\u0105 logowanie si\u0119 do konta, dodawanie produkt\u00f3w do koszyka i bezpieczne dokonywanie zakup\u00f3w.<\/p>\n<p>Statistics: Te pliki cookie przechowuj\u0105 informacje, takie jak liczba odwiedzaj\u0105cych witryn\u0119, liczba unikalnych u\u017cytkownik\u00f3w, kt\u00f3re strony witryny zosta\u0142y odwiedzone, \u017ar\u00f3d\u0142o wizyty itp. Dane te pomagaj\u0105 nam zrozumie\u0107 i przeanalizowa\u0107 skuteczno\u015b\u0107 witryny i jej miejsce potrzebuje ulepszenia.<\/p>\n<p>Marketing: Nasza strona wy\u015bwietla reklamy. Te pliki cookie s\u0142u\u017c\u0105 do personalizacji reklam, kt\u00f3re wy\u015bwietlamy, aby mia\u0142y dla Ciebie znaczenie. Te pliki cookie pomagaj\u0105 nam r\u00f3wnie\u017c \u015bledzi\u0107 skuteczno\u015b\u0107 tych kampanii reklamowych.<br \/>\nInformacje przechowywane w tych plikach cookie mog\u0105 by\u0107 r\u00f3wnie\u017c wykorzystywane przez zewn\u0119trznych dostawc\u00f3w reklam do wy\u015bwietlania reklam w innych witrynach przegl\u0105darki.<\/p>\n<p>Functional:<br \/>\nS\u0105 to pliki cookie, kt\u00f3re pomagaj\u0105 w niekt\u00f3rych nieistotnych funkcjach naszej witryny. Funkcje te obejmuj\u0105 osadzanie tre\u015bci, takich jak filmy lub udost\u0119pnianie tre\u015bci w witrynie na platformach medi\u00f3w spo\u0142eczno\u015bciowych.<\/p>\n<p>Preferences: Te pliki cookie pomagaj\u0105 nam przechowywa\u0107 twoje ustawienia i preferencje przegl\u0105dania, takie jak preferencje j\u0119zykowe, dzi\u0119ki czemu masz lepsze i wydajniejsze wra\u017cenia podczas przysz\u0142ych wizyt na stronie.<br \/>\n[cookie_audit columns=&#8221;cookie,description&#8221; heading=&#8221;Poni\u017csza lista zawiera pliki cookie u\u017cywane w naszej witrynie.&#8221;]<\/p>\n<\/div>\n<h3>Jak mog\u0119 kontrolowa\u0107 preferencje dotycz\u0105ce plik\u00f3w cookie?<\/h3>\n<div>Je\u015bli zdecydujesz si\u0119 zmieni\u0107 swoje preferencje p\u00f3\u017aniej podczas sesji przegl\u0105dania, mo\u017cesz klikn\u0105\u0107 kart\u0119 \u201ePolityka prywatno\u015bci i plik\u00f3w cookie\u201d na ekranie. Spowoduje to ponowne wy\u015bwietlenie powiadomienia o zgodzie, umo\u017cliwiaj\u0105c zmian\u0119 preferencji lub ca\u0142kowite wycofanie zgody.<\/p>\n<p>Ponadto r\u00f3\u017cne przegl\u0105darki zapewniaj\u0105 r\u00f3\u017cne metody blokowania i usuwania plik\u00f3w cookie u\u017cywanych przez strony internetowe. Mo\u017cesz zmieni\u0107 ustawienia przegl\u0105darki, aby blokowa\u0107 \/ usuwa\u0107 pliki cookie. Aby dowiedzie\u0107 si\u0119 wi\u0119cej na temat zarz\u0105dzania i usuwania plik\u00f3w cookie, odwied\u017awikipedia.org, www.allaboutcookies.org.<\/p>\n<\/div>\n<\/div>\n","protected":false},"excerpt":{"rendered":"<p>Informacje o polityce plik\u00f3w cookie Niniejsza Polityka plik\u00f3w cookie wyja\u015bnia, czym s\u0105 pliki cookie i jak ich u\u017cywamy. Powiniene\u015b przeczyta\u0107 t\u0119 polityk\u0119, aby zrozumie\u0107, czym s\u0105 pliki cookie, w jaki spos\u00f3b je wykorzystujemy, rodzaje u\u017cywanych przez nas plik\u00f3w cookie, tj. Informacje, kt\u00f3re zbieramy za pomoc\u0105 plik\u00f3w cookie oraz w jaki spos\u00f3b te informacje s\u0105 wykorzystywane [&hellip;]<\/p>\n","protected":false},"author":1,"featured_media":0,"parent":0,"menu_order":0,"comment_status":"closed","ping_status":"closed","template":"","meta":{"loftloader_page_shortcode":"","footnotes":""},"class_list":["post-366","page","type-page","status-publish","hentry"],"_links":{"self":[{"href":"https:\/\/bydgoszcz.bajkowylabirynt.pl\/index.php\/wp-json\/wp\/v2\/pages\/366","targetHints":{"allow":["GET"]}}],"collection":[{"href":"https:\/\/bydgoszcz.bajkowylabirynt.pl\/index.php\/wp-json\/wp\/v2\/pages"}],"about":[{"href":"https:\/\/bydgoszcz.bajkowylabirynt.pl\/index.php\/wp-json\/wp\/v2\/types\/page"}],"author":[{"embeddable":true,"href":"https:\/\/bydgoszcz.bajkowylabirynt.pl\/index.php\/wp-json\/wp\/v2\/users\/1"}],"replies":[{"embeddable":true,"href":"https:\/\/bydgoszcz.bajkowylabirynt.pl\/index.php\/wp-json\/wp\/v2\/comments?post=366"}],"version-history":[{"count":1,"href":"https:\/\/bydgoszcz.bajkowylabirynt.pl\/index.php\/wp-json\/wp\/v2\/pages\/366\/revisions"}],"predecessor-version":[{"id":367,"href":"https:\/\/bydgoszcz.bajkowylabirynt.pl\/index.php\/wp-json\/wp\/v2\/pages\/366\/revisions\/367"}],"wp:attachment":[{"href":"https:\/\/bydgoszcz.bajkowylabirynt.pl\/index.php\/wp-json\/wp\/v2\/media?parent=366"}],"curies":[{"name":"wp","href":"https:\/\/api.w.org\/{rel}","templated":true}]}}