{"id":24,"date":"2020-02-28T13:11:31","date_gmt":"2020-02-28T13:11:31","guid":{"rendered":"https:\/\/bydgoszcz.bajkowylabirynt.pl\/?page_id=24"},"modified":"2025-06-04T19:53:59","modified_gmt":"2025-06-04T19:53:59","slug":"kontakt","status":"publish","type":"page","link":"https:\/\/bydgoszcz.bajkowylabirynt.pl\/index.php\/kontakt\/","title":{"rendered":"Kontakt"},"content":{"rendered":"\t\t<div data-elementor-type=\"wp-post\" data-elementor-id=\"24\" class=\"elementor elementor-24\" data-elementor-post-type=\"page\">\n\t\t\t\t\t\t<section class=\"elementor-section elementor-top-section elementor-element elementor-element-bb67652 elementor-section-boxed elementor-section-height-default elementor-section-height-default\" data-id=\"bb67652\" data-element_type=\"section\">\n\t\t\t\t\t\t<div class=\"elementor-container elementor-column-gap-default\">\n\t\t\t\t\t<div class=\"elementor-column elementor-col-100 elementor-top-column elementor-element elementor-element-a6ea03e\" data-id=\"a6ea03e\" data-element_type=\"column\">\n\t\t\t<div class=\"elementor-widget-wrap elementor-element-populated\">\n\t\t\t\t\t\t<div class=\"elementor-element elementor-element-6645a0f elementor-widget elementor-widget-heading\" data-id=\"6645a0f\" data-element_type=\"widget\" data-widget_type=\"heading.default\">\n\t\t\t\t<div class=\"elementor-widget-container\">\n\t\t\t\t\t<h2 class=\"elementor-heading-title elementor-size-default\">KONTAKT<\/h2>\t\t\t\t<\/div>\n\t\t\t\t<\/div>\n\t\t\t\t\t<\/div>\n\t\t<\/div>\n\t\t\t\t\t<\/div>\n\t\t<\/section>\n\t\t\t\t<section class=\"elementor-section elementor-top-section elementor-element elementor-element-f18d763 elementor-section-boxed elementor-section-height-default elementor-section-height-default\" data-id=\"f18d763\" data-element_type=\"section\" data-settings=\"{&quot;background_background&quot;:&quot;classic&quot;,&quot;shape_divider_top&quot;:&quot;clouds&quot;,&quot;shape_divider_top_negative&quot;:&quot;yes&quot;}\">\n\t\t\t\t\t<div class=\"elementor-shape elementor-shape-top\" aria-hidden=\"true\" data-negative=\"true\">\n\t\t\t<svg xmlns=\"http:\/\/www.w3.org\/2000\/svg\" viewBox=\"0 0 283.5 27.8\" preserveAspectRatio=\"xMidYMax slice\">\n\t<path class=\"elementor-shape-fill\" d=\"M265.8 3.5c-10.9 0-15.9 6.2-15.9 6.2s-3.6-3.5-9.2-.9c-9.1 4.1-4.4 13.4-4.4 13.4s-1.2.2-1.9.9c-.6.7-.5 1.9-.5 1.9s-1-.5-2.3-.2c-1.3.3-1.6 1.4-1.6 1.4s.4-3.4-1.5-5c-3.9-3.4-8.3-.2-8.3-.2s-.6-.7-.9-.9c-.4-.2-1.2-.2-1.2-.2s-4.4-3.6-11.5-2.6-10.4 7.9-10.4 7.9-.5-3.3-3.9-4.9c-4.8-2.4-7.4 0-7.4 0s2.4-4.1-1.9-6.4-6.2 1.2-6.2 1.2-.9-.5-2.1-.5-2.3 1.1-2.3 1.1.1-.7-1.1-1.1c-1.2-.4-2 0-2 0s3.6-6.8-3.5-8.9c-6-1.8-7.9 2.6-8.4 4-.1-.3-.4-.7-.9-1.1-1-.7-1.3-.5-1.3-.5s1-4-1.7-5.2c-2.7-1.2-4.2 1.1-4.2 1.1s-3.1-1-5.7 1.4-2.1 5.5-2.1 5.5-.9 0-2.1.7-1.4 1.7-1.4 1.7-1.7-1.2-4.3-1.2c-2.6 0-4.5 1.2-4.5 1.2s-.7-1.5-2.8-2.4c-2.1-.9-4 0-4 0s2.6-5.9-4.7-9c-7.3-3.1-12.6 3.3-12.6 3.3s-.9 0-1.9.2c-.9.2-1.5.9-1.5.9S99.4 3 94.9 3.9c-4.5.9-5.7 5.7-5.7 5.7s-2.8-5-12.3-3.9-11.1 6-11.1 6-1.2-1.4-4-.7c-.8.2-1.3.5-1.8.9-.9-2.1-2.7-4.9-6.2-4.4-3.2.4-4 2.2-4 2.2s-.5-.7-1.2-.7h-1.4s-.5-.9-1.7-1.4-2.4 0-2.4 0-2.4-1.2-4.7 0-3.1 4.1-3.1 4.1-1.7-1.4-3.6-.7c-1.9.7-1.9 2.8-1.9 2.8s-.5-.5-1.7-.2c-1.2.2-1.4.7-1.4.7s-.7-2.3-2.8-2.8c-2.1-.5-4.3.2-4.3.2s-1.7-5-11.1-6c-3.8-.4-6.6.2-8.5 1v21.2h283.5V11.1c-.9.2-1.6.4-1.6.4s-5.2-8-16.1-8z\"\/>\n<\/svg>\n\t\t<\/div>\n\t\t\t\t\t<div class=\"elementor-container elementor-column-gap-default\">\n\t\t\t\t\t<div class=\"elementor-column elementor-col-50 elementor-top-column elementor-element elementor-element-33bfcd8\" data-id=\"33bfcd8\" data-element_type=\"column\">\n\t\t\t<div class=\"elementor-widget-wrap elementor-element-populated\">\n\t\t\t\t\t\t<div class=\"elementor-element elementor-element-6747adf elementor-widget elementor-widget-heading\" data-id=\"6747adf\" data-element_type=\"widget\" data-widget_type=\"heading.default\">\n\t\t\t\t<div class=\"elementor-widget-container\">\n\t\t\t\t\t<h2 class=\"elementor-heading-title elementor-size-default\">Centrum Rozrywki Bajkowy Labirynt w Bydgoszczy<\/h2>\t\t\t\t<\/div>\n\t\t\t\t<\/div>\n\t\t\t\t<div class=\"elementor-element elementor-element-4f5d9a5 elementor-widget elementor-widget-text-editor\" data-id=\"4f5d9a5\" data-element_type=\"widget\" data-widget_type=\"text-editor.default\">\n\t\t\t\t<div class=\"elementor-widget-container\">\n\t\t\t\t\t\t\t\t\t<p><strong style=\"font-size: inherit; text-align: inherit;\">Adres:<\/strong><span style=\"font-size: inherit; text-align: inherit; letter-spacing: -0.015em;\"> ul. Wojska Polskiego 1, 85-171 Bydgoszcz<\/span><\/p><p><b>Telefon: <\/b><a href=\"tel:667500365\">+48 667 500 365<\/a><\/p><p><strong>Email:<\/strong> <a href=\"mailto:bydgoszcz@bajkowylabirynt.pl\">bydgoszcz@bajkowylabirynt.pl<\/a><\/p><p><strong>Godziny otwarcia:<\/strong><br \/>Poniedzia\u0142ek &#8211; Sobota: 9:00 &#8211; 21:00<br \/>Niedziela: zamkni\u0119te (z mo\u017cliwo\u015bci\u0105 rezerwacji sali zabaw na wy\u0142\u0105czno\u015b\u0107)<\/p><p><b data-stringify-type=\"bold\">W\u0142a\u015bciciel obiektu:<\/b><br \/>Family Benefits S.A.<br \/>(dawniej Sale Zabaw Fiko\u0142ki Sp. z o.o.)<br \/>Al. Rzeczypospolitej 14 lok 2.7.2<br \/>02-972 Warszawa<br \/>NIP 951 235 94 53<br \/><a href=\"mailto:bok@fikolki.pl\" target=\"_blank\" rel=\"noopener noreferrer\" data-stringify-link=\"mailto:bok@fikolki.pl\" data-sk=\"tooltip_parent\" aria-haspopup=\"menu\">bok@fikolki.pl<\/a><\/p><p><b data-stringify-type=\"bold\">Wsp\u00f3\u0142praca B2B:<\/b><br \/><a href=\"mailto:reklama@fikolki.pl\" target=\"_blank\" rel=\"noopener noreferrer\" data-stringify-link=\"mailto:reklama@fikolki.pl\" data-sk=\"tooltip_parent\" aria-haspopup=\"menu\">reklama@fikolki.pl<\/a><\/p>\t\t\t\t\t\t\t\t<\/div>\n\t\t\t\t<\/div>\n\t\t\t\t\t<\/div>\n\t\t<\/div>\n\t\t\t\t<div class=\"elementor-column elementor-col-50 elementor-top-column elementor-element elementor-element-da0463c\" data-id=\"da0463c\" data-element_type=\"column\">\n\t\t\t<div class=\"elementor-widget-wrap elementor-element-populated\">\n\t\t\t\t\t\t<div class=\"elementor-element elementor-element-fae82e7 elementor-widget elementor-widget-spacer\" data-id=\"fae82e7\" data-element_type=\"widget\" data-widget_type=\"spacer.default\">\n\t\t\t\t<div class=\"elementor-widget-container\">\n\t\t\t\t\t\t\t<div class=\"elementor-spacer\">\n\t\t\t<div class=\"elementor-spacer-inner\"><\/div>\n\t\t<\/div>\n\t\t\t\t\t\t<\/div>\n\t\t\t\t<\/div>\n\t\t\t\t<div class=\"elementor-element elementor-element-c76cae5 elementor-widget elementor-widget-google_maps\" data-id=\"c76cae5\" data-element_type=\"widget\" data-widget_type=\"google_maps.default\">\n\t\t\t\t<div class=\"elementor-widget-container\">\n\t\t\t\t\t\t\t<div class=\"elementor-custom-embed\">\n\t\t\t<iframe loading=\"lazy\"\n\t\t\t\t\tsrc=\"https:\/\/maps.google.com\/maps?q=bajkowy%20labirynt%20bydgoszcz&#038;t=m&#038;z=14&#038;output=embed&#038;iwloc=near\"\n\t\t\t\t\ttitle=\"bajkowy labirynt bydgoszcz\"\n\t\t\t\t\taria-label=\"bajkowy labirynt bydgoszcz\"\n\t\t\t><\/iframe>\n\t\t<\/div>\n\t\t\t\t\t\t<\/div>\n\t\t\t\t<\/div>\n\t\t\t\t\t<\/div>\n\t\t<\/div>\n\t\t\t\t\t<\/div>\n\t\t<\/section>\n\t\t\t\t<\/div>\n\t\t","protected":false},"excerpt":{"rendered":"<p>KONTAKT Centrum Rozrywki Bajkowy Labirynt w Bydgoszczy Adres: ul. Wojska Polskiego 1, 85-171 Bydgoszcz Telefon: +48 667 500 365 Email: bydgoszcz@bajkowylabirynt.pl Godziny otwarcia:Poniedzia\u0142ek &#8211; Sobota: 9:00 &#8211; 21:00Niedziela: zamkni\u0119te (z mo\u017cliwo\u015bci\u0105 rezerwacji sali zabaw na wy\u0142\u0105czno\u015b\u0107) W\u0142a\u015bciciel obiektu:Family Benefits S.A.(dawniej Sale Zabaw Fiko\u0142ki Sp. z o.o.)Al. Rzeczypospolitej 14 lok 2.7.202-972 WarszawaNIP 951 235 94 53bok@fikolki.pl [&hellip;]<\/p>\n","protected":false},"author":1,"featured_media":0,"parent":0,"menu_order":0,"comment_status":"closed","ping_status":"closed","template":"elementor_header_footer","meta":{"loftloader_page_shortcode":"","footnotes":""},"class_list":["post-24","page","type-page","status-publish","hentry"],"_links":{"self":[{"href":"https:\/\/bydgoszcz.bajkowylabirynt.pl\/index.php\/wp-json\/wp\/v2\/pages\/24","targetHints":{"allow":["GET"]}}],"collection":[{"href":"https:\/\/bydgoszcz.bajkowylabirynt.pl\/index.php\/wp-json\/wp\/v2\/pages"}],"about":[{"href":"https:\/\/bydgoszcz.bajkowylabirynt.pl\/index.php\/wp-json\/wp\/v2\/types\/page"}],"author":[{"embeddable":true,"href":"https:\/\/bydgoszcz.bajkowylabirynt.pl\/index.php\/wp-json\/wp\/v2\/users\/1"}],"replies":[{"embeddable":true,"href":"https:\/\/bydgoszcz.bajkowylabirynt.pl\/index.php\/wp-json\/wp\/v2\/comments?post=24"}],"version-history":[{"count":105,"href":"https:\/\/bydgoszcz.bajkowylabirynt.pl\/index.php\/wp-json\/wp\/v2\/pages\/24\/revisions"}],"predecessor-version":[{"id":1191,"href":"https:\/\/bydgoszcz.bajkowylabirynt.pl\/index.php\/wp-json\/wp\/v2\/pages\/24\/revisions\/1191"}],"wp:attachment":[{"href":"https:\/\/bydgoszcz.bajkowylabirynt.pl\/index.php\/wp-json\/wp\/v2\/media?parent=24"}],"curies":[{"name":"wp","href":"https:\/\/api.w.org\/{rel}","templated":true}]}}